{"id":41,"date":"2020-07-20T13:29:47","date_gmt":"2020-07-20T11:29:47","guid":{"rendered":"http:\/\/elisabeth-bourguinat.com\/?page_id=41"},"modified":"2025-11-28T15:20:31","modified_gmt":"2025-11-28T14:20:31","slug":"accueil","status":"publish","type":"page","link":"https:\/\/elisabeth-bourguinat.com\/","title":{"rendered":"Ecrire un livre sur votre entreprise\u00a0?"},"content":{"rendered":"\n<div class=\"wp-block-image\"><figure class=\"alignleft size-large is-resized\"><img loading=\"lazy\" src=\"https:\/\/elisabeth-bourguinat.com\/wp-content\/uploads\/2020\/09\/PHOTO-EB-par-Florence-LEVILLAIN-leg-1-931x1024.jpg\" alt=\"\" class=\"wp-image-110\" width=\"222\" height=\"243\" srcset=\"https:\/\/elisabeth-bourguinat.com\/wp-content\/uploads\/2020\/09\/PHOTO-EB-par-Florence-LEVILLAIN-leg-1-931x1024.jpg 931w, https:\/\/elisabeth-bourguinat.com\/wp-content\/uploads\/2020\/09\/PHOTO-EB-par-Florence-LEVILLAIN-leg-1-273x300.jpg 273w, https:\/\/elisabeth-bourguinat.com\/wp-content\/uploads\/2020\/09\/PHOTO-EB-par-Florence-LEVILLAIN-leg-1-768x845.jpg 768w, https:\/\/elisabeth-bourguinat.com\/wp-content\/uploads\/2020\/09\/PHOTO-EB-par-Florence-LEVILLAIN-leg-1-1397x1536.jpg 1397w, https:\/\/elisabeth-bourguinat.com\/wp-content\/uploads\/2020\/09\/PHOTO-EB-par-Florence-LEVILLAIN-leg-1-1862x2048.jpg 1862w, https:\/\/elisabeth-bourguinat.com\/wp-content\/uploads\/2020\/09\/PHOTO-EB-par-Florence-LEVILLAIN-leg-1-1200x1320.jpg 1200w, https:\/\/elisabeth-bourguinat.com\/wp-content\/uploads\/2020\/09\/PHOTO-EB-par-Florence-LEVILLAIN-leg-1-1980x2178.jpg 1980w\" sizes=\"(max-width: 222px) 100vw, 222px\" \/><\/figure><\/div>\n\n\n\n<p class=\"has-subtle-background-background-color has-background\">Je suis docteur \u00e8s lettres, r\u00e9dactrice ind\u00e9pendante, collaboratrice r\u00e9guli\u00e8re de\u00a0l\u2019<a rel=\"noreferrer noopener\" href=\"https:\/\/www.ecole.org\/fr\/\" target=\"_blank\">\u00c9cole de Paris du management<\/a> depuis 1996, de la\u00a0<a rel=\"noreferrer noopener\" href=\"https:\/\/www.la-fabrique.fr\/fr\/\" target=\"_blank\">Fabrique de l\u2019industrie<\/a> depuis 2012 et de <a href=\"https:\/\/www.academie-technologies.fr\">l&rsquo;Acad\u00e9mie des technologies<\/a> depuis 2020, auteure de nombreux ouvrages et conseil en r\u00e9cits d&rsquo;entreprises.<\/p>\n\n\n\n<p class=\"has-subtle-background-background-color has-background\"><strong>Si vous souhaitez faire \u00e9crire l&rsquo;histoire de votre entreprise ou de sa transformation, vous avez trouv\u00e9 la bonne personne<\/strong>&nbsp;: passionn\u00e9e par les aventures entrepreneuriales, experte dans l&rsquo;art de l&rsquo;\u00e9coute et du questionnement, sachant restituer les t\u00e9moignages de fa\u00e7on sensible, authentique et juste, riche d&rsquo;une exp\u00e9rience de 25 ans dans le r\u00e9cit d&rsquo;entreprise et dot\u00e9e d&rsquo;une excellente plume&nbsp;!<\/p>\n\n\n\n<p class=\"has-subtle-background-background-color has-background\"><strong>Ma sp\u00e9cificit\u00e9<\/strong>&nbsp;: J&rsquo;\u00e9cris des r\u00e9cits <strong>polyphoniques<\/strong>, \u00e0 partir d&rsquo;entretiens avec une trentaine de personnes de l&rsquo;entreprise, et <strong>sinc\u00e8res<\/strong>, \u00e0 l&rsquo;oppos\u00e9 du storytelling. D\u00e9couvrez ma conception du r\u00e9cit d&rsquo;entreprise dans <a href=\"http:\/\/annales.org\/gazette\/2022\/Gazette_116_03_22.pdf\">cet article<\/a> de <em>La Gazette de la soci\u00e9t\u00e9 et des techniques<\/em>.<\/p>\n\n\n\n<p><\/p>\n\n\n\n<p><\/p>\n\n\n\n<hr class=\"wp-block-separator is-style-default\"\/>\n\n\n\n<p style=\"font-size:25px\"><strong>Pourquoi \u00e9crire un livre sur votre entreprise&nbsp;?<\/strong> <\/p>\n\n\n\n<ul><li>pour <strong>mieux conna\u00eetre et comprendre <\/strong>votre entreprise, et la faire mieux conna\u00eetre et comprendre \u00e0 vos collaborateurs,<\/li><li>pour la <strong>pacifier<\/strong> gr\u00e2ce \u00e0 l&rsquo;\u00e9criture d&rsquo;un r\u00e9cit <strong>polyphonique <\/strong>et \u00e0 la reconnaissance de la <strong>dignit\u00e9<\/strong> et des <strong>\u00e9motions <\/strong>de chacun,<\/li><li>pour renforcer la <strong>culture interne<\/strong>, la <strong>confiance<\/strong> et la<strong> fiert\u00e9 d&rsquo;appartenance<\/strong>,<\/li><li>pour <strong>pr\u00e9parer l\u2019avenir<\/strong> en s&rsquo;appuyant sur <strong>un pass\u00e9 valid\u00e9 collectivement, <\/strong>qui devient <strong>un tremplin pour le futur,<\/strong><\/li><li>pour <strong>faciliter le recrutement<\/strong> de personnes correspondant \u00e0 votre culture d&rsquo;entreprise,<\/li><li>pour <strong>acc\u00e9l\u00e9rer l\u2019int\u00e9gration des nouvelles recrues <\/strong>en leur donnant acc\u00e8s \u00e0 l&rsquo;histoire et au fonctionnement de l&rsquo;entreprise,<\/li><li>pour <strong>vous faire mieux conna\u00eetre de votre \u00e9cosyst\u00e8me<\/strong> et favoriser les partenariats (investisseurs, fournisseurs, franchis\u00e9s, acteurs du territoire\u2026),<\/li><li>pour <strong>accro\u00eetre l\u2019attachement de vos clients <\/strong>\u00e0 votre marque,<\/li><li>pour <strong>r\u00e9v\u00e9ler, conserver et transmettre <\/strong>l&rsquo;histoire de votre entreprise.<\/li><\/ul>\n\n\n\n<p style=\"font-size:25px\"><strong>D\u00e9roulement d&rsquo;un projet :<\/strong><\/p>\n\n\n\n<p><strong>Premier module<\/strong><\/p>\n\n\n\n<ul id=\"block-b73b9db4-f099-48be-a6ac-d3a968b2b533\"><li>Pendant trois heures, je vous interroge sur l&rsquo;histoire de votre entreprise ou sur sa transformation r\u00e9cente, en vous enregistrant.<\/li><li>J&rsquo;effectue une transcription int\u00e9grale, je mets le r\u00e9cit en forme et je vous le soumets. <\/li><li>Notre collaboration peut s&rsquo;arr\u00eater l\u00e0 mais, si vous souhaitez aller plus loin en rendant ce r\u00e9cit polyphonique, ce qui sera la meilleure fa\u00e7on d&rsquo;en tirer tout le fruit que vous pouvez en attendre, nous passons au deuxi\u00e8me module.<\/li><\/ul>\n\n\n\n<p><strong>Deuxi\u00e8me module<\/strong><\/p>\n\n\n\n<ul id=\"block-b73b9db4-f099-48be-a6ac-d3a968b2b533\"><li>Je visite l\u2019entreprise avec vous ou avec des collaborateurs,<\/li><li>nous \u00e9tablissons ensemble la liste des personnes \u00e0 interroger (repr\u00e9sentatives de l&rsquo;ensemble des m\u00e9tiers),<\/li><li>j\u2019effectue entre 30 et 40 heures d\u2019entretiens, en pr\u00e9sentiel ou par t\u00e9l\u00e9phone,<\/li><li>apr\u00e8s avoir transcrit les entretiens et analys\u00e9 le mat\u00e9riau, je vous soumets un plan,<\/li><li>je r\u00e9dige le livre (130 \u00e0 150 pages selon le format),&nbsp;<\/li><li>vous corrigez le texte, puis je transmets \u00e0 toutes les personnes cit\u00e9es les passages qui les concernent, pour correction\/validation,<\/li><li>je vous mets en contact avec un \u00e9diteur et j\u2019assure le suivi de l\u2019\u00e9dition jusqu\u2019\u00e0 l\u2019imprimatur,<\/li><li>c\u2019est la commande que vous passez \u00e0 l\u2019\u00e9diteur qui d\u00e9clenche la publication.<\/li><\/ul>\n\n\n\n<p style=\"font-size:25px\"><strong>N&rsquo;h\u00e9sitez pas \u00e0 me demander un devis ! <\/strong><\/p>\n\n\n\n<p>Cliquez pour voir <a href=\"https:\/\/elisabeth-bourguinat.com\/?page_id=49\">quelques-uns de mes livres<\/a>, des <a href=\"https:\/\/elisabeth-bourguinat.com\/?page_id=43\">t\u00e9moignages de clients et lecteurs<\/a>, ma <a href=\"https:\/\/elisabeth-bourguinat.com\/?page_id=47\">biographie<\/a>, ou pour <a href=\"https:\/\/elisabeth-bourguinat.com\/?page_id=8\">me contacter<\/a>. <\/p>\n","protected":false},"excerpt":{"rendered":"<p>Je suis docteur \u00e8s lettres, r\u00e9dactrice ind\u00e9pendante, collaboratrice r\u00e9guli\u00e8re de\u00a0l\u2019\u00c9cole de Paris du management depuis 1996, de la\u00a0Fabrique de l\u2019industrie depuis 2012 et de l&rsquo;Acad\u00e9mie des technologies depuis 2020, auteure de nombreux ouvrages et conseil en r\u00e9cits d&rsquo;entreprises. Si vous souhaitez faire \u00e9crire l&rsquo;histoire de votre entreprise ou de sa transformation, vous avez trouv\u00e9 la [&hellip;]<\/p>\n","protected":false},"author":1,"featured_media":0,"parent":0,"menu_order":0,"comment_status":"closed","ping_status":"closed","template":"","meta":[],"_links":{"self":[{"href":"https:\/\/elisabeth-bourguinat.com\/index.php?rest_route=\/wp\/v2\/pages\/41"}],"collection":[{"href":"https:\/\/elisabeth-bourguinat.com\/index.php?rest_route=\/wp\/v2\/pages"}],"about":[{"href":"https:\/\/elisabeth-bourguinat.com\/index.php?rest_route=\/wp\/v2\/types\/page"}],"author":[{"embeddable":true,"href":"https:\/\/elisabeth-bourguinat.com\/index.php?rest_route=\/wp\/v2\/users\/1"}],"replies":[{"embeddable":true,"href":"https:\/\/elisabeth-bourguinat.com\/index.php?rest_route=%2Fwp%2Fv2%2Fcomments&post=41"}],"version-history":[{"count":63,"href":"https:\/\/elisabeth-bourguinat.com\/index.php?rest_route=\/wp\/v2\/pages\/41\/revisions"}],"predecessor-version":[{"id":307,"href":"https:\/\/elisabeth-bourguinat.com\/index.php?rest_route=\/wp\/v2\/pages\/41\/revisions\/307"}],"wp:attachment":[{"href":"https:\/\/elisabeth-bourguinat.com\/index.php?rest_route=%2Fwp%2Fv2%2Fmedia&parent=41"}],"curies":[{"name":"wp","href":"https:\/\/api.w.org\/{rel}","templated":true}]}}